{"id":299,"date":"2023-02-20T21:40:25","date_gmt":"2023-02-20T21:40:25","guid":{"rendered":"https:\/\/hoeseltsetreinclub.be\/?page_id=299"},"modified":"2025-02-18T00:28:04","modified_gmt":"2025-02-18T00:28:04","slug":"aanvraag-schoolbezoek","status":"publish","type":"page","link":"https:\/\/hoeseltsetreinclub.be\/?page_id=299","title":{"rendered":"Schoolbezoek 1"},"content":{"rendered":"<div class=\"\" style=\"\" >\n    \n    <section class=\"u-align-center u-clearfix u-palette-3-light-1 u-section-2\" id=\"sec-055f\">\n      <div class=\"u-clearfix u-sheet u-sheet-1\">\n        <h4 class=\"u-text u-text-1\">Schoolbezoek \/ Fr\u00e9quentat ion scolaire<\/h4>\n        <div class=\"u-border-2 u-border-grey-75 u-form u-radius-20 u-form-1\">\n          <form action=\"https:\/\/forms.nicepagesrv.com\/v2\/form\/process\" class=\"u-clearfix u-form-spacing-10 u-form-vertical u-inner-form\" style=\"padding: 10px\" source=\"email\" name=\"form\" redirect=\"true\" redirect-address=\"https:\/\/hoeseltsetreinclub.be\/\">\n            <div class=\"u-form-group u-form-name u-label-none\">\n              <label for=\"name-3b9a\" class=\"u-label\">Name<\/label>\n              <input type=\"text\" placeholder=\"Naam School \/ Nom de l'\u00e9cole\" id=\"name-3b9a\" name=\"name\" class=\"u-input u-input-rectangle\" required=\"\">\n            <\/div>\n            <div class=\"u-form-email u-form-group u-label-none\">\n              <label for=\"email-3b9a\" class=\"u-label\">Email<\/label>\n              <input type=\"email\" placeholder=\"E-mail\" id=\"email-3b9a\" name=\"email\" class=\"u-input u-input-rectangle\" required=\"\">\n            <\/div>\n            <div class=\"u-form-group u-form-name u-label-none u-form-group-3\">\n              <label for=\"name-f60c\" class=\"u-label\">Naam<\/label>\n              <input type=\"text\" placeholder=\"Contactpersoon \/ Personne de contact\" id=\"name-f60c\" name=\"name-1\" class=\"u-input u-input-rectangle\" required=\"\">\n            <\/div>\n            <div class=\"u-form-group u-form-phone u-label-none u-form-group-4\">\n              <label for=\"phone-1745\" class=\"u-label\">Telefoon<\/label>\n              <input type=\"tel\" pattern=\"\\+?\\d{0,3}[\\s\\(\\-]?([0-9]{2,3})[\\s\\)\\-]?([\\s\\-]?)([0-9]{3})[\\s\\-]?([0-9]{2})[\\s\\-]?([0-9]{2})\" placeholder=\"Voer je telefoonnummer in \/ Entrez votre num\u00e9ro de t\u00e9l\u00e9phone : :\" id=\"phone-1745\" name=\"phone\" class=\"u-input u-input-rectangle\" required=\"\">\n            <\/div>\n            <div class=\"u-form-group u-form-message u-label-none\">\n              <label for=\"message-3b9a\" class=\"u-label\">Message<\/label>\n              <textarea placeholder=\"Info bezoek met eventuele datums \/ Visite d'information avec dates possibles\" rows=\"4\" cols=\"50\" id=\"message-3b9a\" name=\"message\" class=\"u-input u-input-rectangle\" required=\"\"><\/textarea>\n            <\/div>\n            <div class=\"u-form-agree u-form-group u-label-none u-form-group-6\">\n              <label class=\"u-btn-1 u-field-label\" style=\"\"><\/label>\n              <input type=\"checkbox\" id=\"agree-3988\" name=\"agree\" class=\"u-agree-checkbox u-field-input\" required=\"\">\n              <label for=\"agree-3988\" class=\"u-agree-label u-field-label\">Ik accepteer de <a href=\"https:\/\/hoeseltsetreinclub.be\/?page_id=3\" class=\"u-btn u-button-style u-text-palette-1-base u-btn-1\">Privacybeleid<\/a>\n                <br>\n              <\/label>\n            <\/div>\n            <div class=\"u-align-left u-form-group u-form-submit\">\n              <a href=\"#\" class=\"u-btn u-btn-round u-btn-submit u-button-style u-hover-palette-1-dark-1 u-palette-1-base u-radius-20 u-btn-2\">verzenden<\/a>\n              <input type=\"submit\" value=\"submit\" class=\"u-form-control-hidden\">\n            <\/div>\n            <div class=\"u-form-send-message u-form-send-success\"> Thank you! Your message has been sent. <\/div>\n            <div class=\"u-form-send-error u-form-send-message\"> Unable to send your message. Please fix errors then try again. <\/div>\n            <input type=\"hidden\" value=\"\" name=\"recaptchaResponse\">\n            <input type=\"hidden\" name=\"formServices\" value=\"6148620e-5fe8-02b1-ac3d-3862266ab9aa\">\n          <\/form>\n        <\/div>\n      <\/div>\n    <\/section>\n    \n    \n    \n  \n<\/div>","protected":false},"excerpt":{"rendered":"<p>Schoolbezoek \/ Fr\u00e9quentat ion scolaire Name Email Naam Telefoon Message Ik accepteer de Privacybeleid verzenden Thank you! Your message has been sent. Unable to send your message. Please fix errors then try again.<\/p>\n","protected":false},"author":2,"featured_media":0,"parent":0,"menu_order":0,"comment_status":"closed","ping_status":"closed","template":"","meta":[],"_links":{"self":[{"href":"https:\/\/hoeseltsetreinclub.be\/index.php?rest_route=\/wp\/v2\/pages\/299"}],"collection":[{"href":"https:\/\/hoeseltsetreinclub.be\/index.php?rest_route=\/wp\/v2\/pages"}],"about":[{"href":"https:\/\/hoeseltsetreinclub.be\/index.php?rest_route=\/wp\/v2\/types\/page"}],"author":[{"embeddable":true,"href":"https:\/\/hoeseltsetreinclub.be\/index.php?rest_route=\/wp\/v2\/users\/2"}],"replies":[{"embeddable":true,"href":"https:\/\/hoeseltsetreinclub.be\/index.php?rest_route=%2Fwp%2Fv2%2Fcomments&post=299"}],"version-history":[{"count":12,"href":"https:\/\/hoeseltsetreinclub.be\/index.php?rest_route=\/wp\/v2\/pages\/299\/revisions"}],"predecessor-version":[{"id":7717,"href":"https:\/\/hoeseltsetreinclub.be\/index.php?rest_route=\/wp\/v2\/pages\/299\/revisions\/7717"}],"wp:attachment":[{"href":"https:\/\/hoeseltsetreinclub.be\/index.php?rest_route=%2Fwp%2Fv2%2Fmedia&parent=299"}],"curies":[{"name":"wp","href":"https:\/\/api.w.org\/{rel}","templated":true}]}}